{"id":2,"date":"2020-10-19T04:35:31","date_gmt":"2020-10-19T04:35:31","guid":{"rendered":"https:\/\/phonecare.vn\/bang-gia\/?page_id=2"},"modified":"2025-12-17T10:25:02","modified_gmt":"2025-12-17T10:25:02","slug":"trang-mau","status":"publish","type":"page","link":"https:\/\/phonecare.vn\/bang-gia\/","title":{"rendered":"Trang ch\u1ee7"},"content":{"rendered":"<p><img decoding=\"async\" class=\"aligncenter\" src=\"https:\/\/phonecare.vn\/bang-gia\/wp-content\/uploads\/2024\/10\/banner-1024x341.jpg\" sizes=\"(max-width: 1024px) 100vw, 1024px\" srcset=\"https:\/\/phonecare.vn\/bang-gia\/wp-content\/uploads\/2024\/10\/banner-1024x341.jpg 1024w, https:\/\/phonecare.vn\/bang-gia\/wp-content\/uploads\/2024\/10\/banner-300x100.jpg 300w, https:\/\/phonecare.vn\/bang-gia\/wp-content\/uploads\/2024\/10\/banner-768x256.jpg 768w, https:\/\/phonecare.vn\/bang-gia\/wp-content\/uploads\/2024\/10\/banner-600x200.jpg 600w, https:\/\/phonecare.vn\/bang-gia\/wp-content\/uploads\/2024\/10\/banner.jpg 1500w\" alt=\"\" width=\"1024\" height=\"341\" \/><\/p>\n<h2 style=\"text-align: center;\">D\u1ecbch V\u1ee5 S\u1eed\u0251 Ch\u1eefa<\/h2>\n<p style=\"text-align: center;\"><img decoding=\"async\" src=\"https:\/\/phonecare.vn\/bang-gia\/wp-content\/uploads\/2020\/10\/banner-dich-vu-sua-chua.jpg\" sizes=\"(max-width: 500px) 100vw, 500px\" srcset=\"https:\/\/phonecare.vn\/bang-gia\/wp-content\/uploads\/2020\/10\/banner-dich-vu-sua-chua.jpg 500w, https:\/\/phonecare.vn\/bang-gia\/wp-content\/uploads\/2020\/10\/banner-dich-vu-sua-chua-300x200.jpg 300w\" alt=\"\" width=\"500\" height=\"333\" \/><\/p>\n<p style=\"text-align: center;\">PHONECARE v\u1edbi nhi\u1ec1u n\u0103m kinh nghi\u1ec7m trong vi\u1ec7c s\u1eed\u0251 ch\u1eefa c\u00e1c thi\u1ebft b\u1ecb c\u00f4ng ngh\u1ec7 nh\u01b0: \u0111i\u1ec7n tho\u1ea1i, laptop, m\u00e1y t\u00ednh b\u1ea3ng, A\u03c1\u03c1le Watch\u2026Ch\u00fang t\u00f4i lu\u00f4n n\u1ed7 l\u1ef1c mang \u0111\u1ebfn c\u00e1c d\u1ecbch v\u1ee5 s\u1eed\u0251 ch\u1eefa uy t\u00edn, chuy\u00ean nghi\u1ec7p nh\u1ea5t k\u00e8m theo \u0111\u00f3 l\u00e0 ch\u1ea5t l\u01b0\u1ee3ng ph\u1ee5c v\u1ee5 t\u1ed1t h\u01a1n cho kh\u00e1ch h\u00e0ng.<\/p>\n<h2 style=\"text-align: center;\">Thi\u1ebft B\u1ecb, \u0110\u1ed3 C\u00f4ng Ngh\u1ec7<\/h2>\n<p style=\"text-align: center;\"><img decoding=\"async\" src=\"https:\/\/phonecare.vn\/bang-gia\/wp-content\/uploads\/2020\/10\/banner-thiet-bi-phu-kien.jpg\" sizes=\"(max-width: 500px) 100vw, 500px\" srcset=\"https:\/\/phonecare.vn\/bang-gia\/wp-content\/uploads\/2020\/10\/banner-thiet-bi-phu-kien.jpg 500w, https:\/\/phonecare.vn\/bang-gia\/wp-content\/uploads\/2020\/10\/banner-thiet-bi-phu-kien-300x200.jpg 300w\" alt=\"\" width=\"500\" height=\"333\" \/><\/p>\n<p style=\"text-align: center;\">PHONECARE chuy\u00ean cung c\u1ea5p c\u00e1c s\u1ea3n ph\u1ea9m c\u00f4ng ngh\u1ec7, ph\u1ee5 ki\u1ec7n c\u00f4ng ngh\u1ec7, \u0111\u1ed3 ch\u01a1i c\u00f4ng ngh\u1ec7. C\u00e1c thi\u1ebft b\u1ecb, ph\u1ee5 ki\u1ec7n cho: \u0111i\u1ec7n tho\u1ea1i, m\u00e1y t\u00ednh, tivi, quay phim, ch\u1ee5p \u1ea3nh, \u00e2m thanh, m\u1ea1ng, \u0111i\u1ec7n oto, xe m\u00e1y, du l\u1ecbch \u2026<\/p>\n<p style=\"text-align: center;\"><a href=\"https:\/\/phonecare.vn\/sua-chua\"><br \/>\n<img decoding=\"async\" src=\"https:\/\/phonecare.vn\/bang-gia\/wp-content\/uploads\/2020\/10\/sua-dien-thoai-300x300.jpg\" sizes=\"(max-width: 300px) 100vw, 300px\" srcset=\"https:\/\/phonecare.vn\/bang-gia\/wp-content\/uploads\/2020\/10\/sua-dien-thoai.jpg 300w, https:\/\/phonecare.vn\/bang-gia\/wp-content\/uploads\/2020\/10\/sua-dien-thoai-100x100.jpg 100w, https:\/\/phonecare.vn\/bang-gia\/wp-content\/uploads\/2020\/10\/sua-dien-thoai-150x150.jpg 150w\" alt=\"\" width=\"300\" height=\"300\" \/> <\/a><\/p>\n<h2 style=\"text-align: center;\"><a href=\"https:\/\/phonecare.vn\/sua-chua\">S\u1eed\u0251 \u0110i\u1ec7n Tho\u1ea1i<\/a><\/h2>\n<p style=\"text-align: center;\"><a href=\"https:\/\/phonecare.vn\/sua-apple-watch\"><br \/>\n<img decoding=\"async\" src=\"https:\/\/phonecare.vn\/bang-gia\/wp-content\/uploads\/2020\/10\/sua-apple-watch-300x300.png\" sizes=\"(max-width: 300px) 100vw, 300px\" srcset=\"https:\/\/phonecare.vn\/bang-gia\/wp-content\/uploads\/2020\/10\/sua-apple-watch.png 300w, https:\/\/phonecare.vn\/bang-gia\/wp-content\/uploads\/2020\/10\/sua-apple-watch-100x100.png 100w, https:\/\/phonecare.vn\/bang-gia\/wp-content\/uploads\/2020\/10\/sua-apple-watch-150x150.png 150w\" alt=\"\" width=\"300\" height=\"300\" \/> <\/a><\/p>\n<h2 style=\"text-align: center;\"><a href=\"https:\/\/phonecare.vn\/sua-apple-watch\">S\u1eed\u0251 A\u03c1\u03c1le Watch<\/a><\/h2>\n<p style=\"text-align: center;\"><a href=\"https:\/\/phonecare.vn\/sua-ipad\"><br \/>\n<img decoding=\"async\" src=\"https:\/\/phonecare.vn\/bang-gia\/wp-content\/uploads\/2020\/10\/sua-may-tinh-bang-300x300.jpg\" sizes=\"(max-width: 300px) 100vw, 300px\" srcset=\"https:\/\/phonecare.vn\/bang-gia\/wp-content\/uploads\/2020\/10\/sua-may-tinh-bang.jpg 300w, https:\/\/phonecare.vn\/bang-gia\/wp-content\/uploads\/2020\/10\/sua-may-tinh-bang-100x100.jpg 100w, https:\/\/phonecare.vn\/bang-gia\/wp-content\/uploads\/2020\/10\/sua-may-tinh-bang-150x150.jpg 150w\" alt=\"\" width=\"300\" height=\"300\" \/> <\/a><\/p>\n<h2 style=\"text-align: center;\"><a href=\"https:\/\/phonecare.vn\/sua-ipad\">S\u1eed\u0251 M\u00e1y T\u00ednh B\u1ea3ng<\/a><\/h2>\n<p style=\"text-align: center;\"><a href=\"https:\/\/phonecare.vn\/sua-laptop\"><br \/>\n<img decoding=\"async\" src=\"https:\/\/phonecare.vn\/bang-gia\/wp-content\/uploads\/2020\/10\/sua-laptop-300x300.png\" sizes=\"(max-width: 300px) 100vw, 300px\" srcset=\"https:\/\/phonecare.vn\/bang-gia\/wp-content\/uploads\/2020\/10\/sua-laptop.png 300w, https:\/\/phonecare.vn\/bang-gia\/wp-content\/uploads\/2020\/10\/sua-laptop-100x100.png 100w, https:\/\/phonecare.vn\/bang-gia\/wp-content\/uploads\/2020\/10\/sua-laptop-150x150.png 150w\" alt=\"\" width=\"300\" height=\"300\" \/> <\/a><\/p>\n<h2 style=\"text-align: center;\"><a href=\"https:\/\/phonecare.vn\/sua-laptop\">S\u1eed\u0251 Laptop<\/a><\/h2>\n","protected":false},"excerpt":{"rendered":"<p>D\u1ecbch V\u1ee5 S\u1eed\u0251 Ch\u1eefa PHONECARE v\u1edbi nhi\u1ec1u n\u0103m kinh nghi\u1ec7m trong vi\u1ec7c s\u1eed\u0251 ch\u1eefa c\u00e1c thi\u1ebft b\u1ecb c\u00f4ng ngh\u1ec7 nh\u01b0: \u0111i\u1ec7n tho\u1ea1i, laptop, m\u00e1y t\u00ednh b\u1ea3ng, A\u03c1\u03c1le Watch\u2026Ch\u00fang t\u00f4i lu\u00f4n n\u1ed7 l\u1ef1c mang \u0111\u1ebfn c\u00e1c d\u1ecbch v\u1ee5 s\u1eed\u0251 ch\u1eefa uy t\u00edn, chuy\u00ean nghi\u1ec7p nh\u1ea5t k\u00e8m theo \u0111\u00f3 l\u00e0 ch\u1ea5t l\u01b0\u1ee3ng ph\u1ee5c v\u1ee5 t\u1ed1t h\u01a1n cho [&hellip;]<\/p>\n","protected":false},"author":1,"featured_media":0,"parent":0,"menu_order":0,"comment_status":"closed","ping_status":"open","template":"","meta":{"footnotes":""},"class_list":["post-2","page","type-page","status-publish","hentry","entry"],"_links":{"self":[{"href":"https:\/\/phonecare.vn\/bang-gia\/wp-json\/wp\/v2\/pages\/2","targetHints":{"allow":["GET"]}}],"collection":[{"href":"https:\/\/phonecare.vn\/bang-gia\/wp-json\/wp\/v2\/pages"}],"about":[{"href":"https:\/\/phonecare.vn\/bang-gia\/wp-json\/wp\/v2\/types\/page"}],"author":[{"embeddable":true,"href":"https:\/\/phonecare.vn\/bang-gia\/wp-json\/wp\/v2\/users\/1"}],"replies":[{"embeddable":true,"href":"https:\/\/phonecare.vn\/bang-gia\/wp-json\/wp\/v2\/comments?post=2"}],"version-history":[{"count":1,"href":"https:\/\/phonecare.vn\/bang-gia\/wp-json\/wp\/v2\/pages\/2\/revisions"}],"predecessor-version":[{"id":1848,"href":"https:\/\/phonecare.vn\/bang-gia\/wp-json\/wp\/v2\/pages\/2\/revisions\/1848"}],"wp:attachment":[{"href":"https:\/\/phonecare.vn\/bang-gia\/wp-json\/wp\/v2\/media?parent=2"}],"curies":[{"name":"wp","href":"https:\/\/api.w.org\/{rel}","templated":true}]}}